{"id":2,"date":"2018-01-09T13:27:35","date_gmt":"2018-01-09T12:27:35","guid":{"rendered":"http:\/\/www.ntic-edition.com\/?page_id=2"},"modified":"2026-03-13T10:06:08","modified_gmt":"2026-03-13T09:06:08","slug":"mission","status":"publish","type":"page","link":"https:\/\/www.ntic-edition.com\/","title":{"rendered":"Mission"},"content":{"rendered":"<p>La \u00ab\u00a0Communication\u00a0\u00bb est indispensable &#8230;. Que ce soit une entreprise, une collectivit\u00e9, une Association, il est indispensable de d\u00e9velopper sa visibilit\u00e9 !<\/p>\n<p>Les <b class=\"bleu\">N<\/b>ouvelles <b class=\"bleu\">T<\/b>echnologies de l&rsquo;<b class=\"bleu\">I<\/b>nformation et de la <b class=\"bleu\">C<\/b>ommunication, (<b class=\"bleu\">NTIC<\/b>), ne sont efficaces qu&rsquo;au travers d&rsquo;une cha\u00eene compl\u00e8te dont l&rsquo;Internet est devenu un des vecteurs majeurs.<\/p>\n<p>\u00ab\u00a0<b class=\"bleu\">Bien communiquer<\/b>\u00a0\u00bb est un besoin constant\u00a0 et cela ne s&rsquo;improvise pas !<\/p>\n<p>Nous sommes l\u00e0 pour vous aider \u00e0 mettre en place les bases de <b class=\"bleu\">votre r\u00e9ussite<\/b> et toutes les chances de gagner du temps et de la visibilit\u00e9\u00a0:<\/p>\n<p>Nous mettons \u00e0 votre disposition <b>des services<\/b> tr\u00e8s complets :<\/p>\n<ul>\n<li><strong>Lobbying et mise en relation<\/strong><\/li>\n<li><b class=\"bleu\">Organisation d&rsquo;\u00e9v\u00e8nements (<\/b>ex: <a href=\"http:\/\/www.ntic-edition.com\/index.php\/2017\/11\/21\/marche-de-noel-honfleur\/\">March\u00e9 de No\u00ebl<\/a><b class=\"bleu\">)<br \/>\n<\/b><\/li>\n<li><strong>R\u00e9daction \/ D\u00e9finition de \u00ab\u00a0contenus\u00a0\u00bb<\/strong><\/li>\n<li><strong>Conf\u00e9rences de Presse \/ communiqu\u00e9s<\/strong><\/li>\n<li><strong>H\u00e9bergement de site et serveur d\u00e9di\u00e9<\/strong><\/li>\n<li><b class=\"bleu\">D\u00e9veloppement et Webdesign (<\/b><b class=\"bleu\">Solutions compl\u00e8tes E-Commerce)<\/b><\/li>\n<li><strong>Cr\u00e9ation et h\u00e9bergement de sites \/ blogs (WordPress)<\/strong><\/li>\n<li><b class=\"bleu\">Gestion de contenus internet, positionnement Facebook et autres chaines YouTube, etc.<\/b><\/li>\n<li><strong>Web-marketing viral, <\/strong><strong>Ciblages<\/strong><\/li>\n<li><b class=\"bleu\">Cr\u00e9ation de portails \/ Magazine<\/b> <strong>et \u00ab\u00a0<\/strong><b class=\"bleu\">Communaut\u00e9s Web<\/b>\u00ab\u00a0<\/li>\n<li><b class=\"bleu\">R\u00e9f\u00e9rencement de votre site<\/b><\/li>\n<li><b class=\"bleu\">Positionnement<\/b> <strong>et<\/strong> <b class=\"bleu\">statistiques<\/b><\/li>\n<li><b class=\"bleu\">Gestion de campagne Google Adwords,\u00a0 SMS, etc.<\/b><\/li>\n<li><b class=\"bleu\">E-mailling<\/b> : <strong>R\u00e9alisation du message, location d&rsquo;adresses email, etc.<\/strong><\/li>\n<li><b class=\"bleu\">R\u00e9alisation et diffusion de vid\u00e9o sp\u00e9cialis\u00e9es, (Streaming)<\/b><\/li>\n<li><strong>Etc.<\/strong><\/li>\n<\/ul>\n<p>Nous sommes \u00e9galement \u00ab\u00a0<b class=\"bleu\">Hebergeur professionnel<\/b>\u00a0\u00bb pour les solutions \u00ab\u00a0<b class=\"bleu\">Web Marketing global<\/b>\u00ab\u00a0.<br \/>\nNous fournissons \u00e0 nos clients des solutions <b class=\"bleu\">totalement int\u00e9gr\u00e9es<\/b> utilisant <b class=\"bleu\">les meilleures technologies<\/b> :<\/p>\n<ul>\n<li>Serveurs <strong>Apache \/ NGinx<\/strong> sous <b class=\"bleu\">Linux<\/b>&#x2122; avec principalement PhP\/MySql, etc.<\/li>\n<li>Registrar \u00ab\u00a0<a href=\"http:\/\/www.directnic.com\"><b class=\"bleu\">Directnic<\/b><\/a>\u00a0\u00bb pour vos noms de domaines (<b class=\"bleu\">Vous \u00eates ind\u00e9pendant(e) et s\u00e9curis\u00e9(e)<\/b>)<\/li>\n<li><b class=\"bleu\">Sauvegarde journali\u00e8re<\/b> de vos donn\u00e9es et r\u00e9plications sur serveurs Backup<\/li>\n<li><b class=\"bleu\">Plateformes s\u00e9curis\u00e9es<\/b> avec logiciels de protection, (Anti-virus, Anti-Spam,etc.)<\/li>\n<li>Lignes \u00ab\u00a0<b class=\"bleu\">Backup<\/b>\u00a0\u00bb pour les mails<\/li>\n<li><b class=\"bleu\">DNS<\/b> sur <b class=\"bleu\">plusieurs sites et op\u00e9rateurs<\/b><\/li>\n<li>Etc.<\/li>\n<\/ul>\n<p>&nbsp;<\/p>\n","protected":false},"excerpt":{"rendered":"<p>La \u00ab\u00a0Communication\u00a0\u00bb est indispensable &#8230;. Que ce soit une entreprise, une collectivit\u00e9, une Association, il est indispensable de d\u00e9velopper sa visibilit\u00e9 ! Les Nouvelles Technologies de l&rsquo;Information et de la Communication, (NTIC), ne sont efficaces qu&rsquo;au travers d&rsquo;une cha\u00eene compl\u00e8te dont l&rsquo;Internet est devenu un des vecteurs majeurs. \u00ab\u00a0Bien communiquer\u00a0\u00bb [&hellip;]<\/p>\n","protected":false},"author":2,"featured_media":243,"parent":0,"menu_order":0,"comment_status":"closed","ping_status":"open","template":"elementor_theme","meta":{"_bbp_topic_count":0,"_bbp_reply_count":0,"_bbp_total_topic_count":0,"_bbp_total_reply_count":0,"_bbp_voice_count":0,"_bbp_anonymous_reply_count":0,"_bbp_topic_count_hidden":0,"_bbp_reply_count_hidden":0,"_bbp_forum_subforum_count":0,"jetpack_post_was_ever_published":false,"footnotes":""},"class_list":["post-2","page","type-page","status-publish","has-post-thumbnail","hentry"],"jetpack_sharing_enabled":true,"jetpack_shortlink":"https:\/\/wp.me\/P9FWPB-2","_links":{"self":[{"href":"https:\/\/www.ntic-edition.com\/index.php\/wp-json\/wp\/v2\/pages\/2","targetHints":{"allow":["GET"]}}],"collection":[{"href":"https:\/\/www.ntic-edition.com\/index.php\/wp-json\/wp\/v2\/pages"}],"about":[{"href":"https:\/\/www.ntic-edition.com\/index.php\/wp-json\/wp\/v2\/types\/page"}],"author":[{"embeddable":true,"href":"https:\/\/www.ntic-edition.com\/index.php\/wp-json\/wp\/v2\/users\/2"}],"replies":[{"embeddable":true,"href":"https:\/\/www.ntic-edition.com\/index.php\/wp-json\/wp\/v2\/comments?post=2"}],"version-history":[{"count":13,"href":"https:\/\/www.ntic-edition.com\/index.php\/wp-json\/wp\/v2\/pages\/2\/revisions"}],"predecessor-version":[{"id":131,"href":"https:\/\/www.ntic-edition.com\/index.php\/wp-json\/wp\/v2\/pages\/2\/revisions\/131"}],"wp:featuredmedia":[{"embeddable":true,"href":"https:\/\/www.ntic-edition.com\/index.php\/wp-json\/wp\/v2\/media\/243"}],"wp:attachment":[{"href":"https:\/\/www.ntic-edition.com\/index.php\/wp-json\/wp\/v2\/media?parent=2"}],"curies":[{"name":"wp","href":"https:\/\/api.w.org\/{rel}","templated":true}]}}