{"id":30,"date":"2017-11-09T15:34:25","date_gmt":"2017-11-09T14:34:25","guid":{"rendered":"http:\/\/www.ntic-edition.com\/?page_id=30"},"modified":"2026-03-13T11:20:01","modified_gmt":"2026-03-13T10:20:01","slug":"evenements","status":"publish","type":"page","link":"https:\/\/www.ntic-edition.com\/index.php\/evenements\/","title":{"rendered":"Actions et r\u00e9f\u00e9rences"},"content":{"rendered":"\t\t<div data-elementor-type=\"wp-page\" data-elementor-id=\"30\" class=\"elementor elementor-30\">\n\t\t\t\t<div class=\"elementor-element elementor-element-1fd862d3 e-flex e-con-boxed e-con e-parent\" data-id=\"1fd862d3\" data-element_type=\"container\" data-e-type=\"container\">\n\t\t\t\t\t<div class=\"e-con-inner\">\n\t\t\t\t<div class=\"elementor-element elementor-element-5ceb7c29 elementor-widget elementor-widget-text-editor\" data-id=\"5ceb7c29\" data-element_type=\"widget\" data-e-type=\"widget\" data-widget_type=\"text-editor.default\">\n\t\t\t\t\t\t\t\t\t<p>Retrouvez-ici les \u00e9v\u00e8nements auxquels nous participons (support), ou bien que nous organisons :<\/p><ul><li>Concerts de la Saint-Patrick<\/li><li>Les Hivernales de Honfleur avec \u00ab\u00a0<a href=\"http:\/\/www.honfleur-carnaval.com\" target=\"_blank\" rel=\"noopener noreferrer\">Honfleur-Carnaval<\/a>\u00a0\u00bb (De 2016 \u00e0 2019)\u00a0<\/li><li>F\u00eate de la Pentec\u00f4te avec la ville de Honfleur<\/li><li>Carnaval de Honfleur avec \u00ab\u00a0<a href=\"http:\/\/www.honfleur-carnaval.com\" target=\"_blank\" rel=\"noopener noreferrer\">Honfleur-Carnaval<\/a>\u00ab\u00a0<\/li><li>Nuit des artistes avec la ville de Honfleur<\/li><li>F\u00eate de la Crevette avec la ville de Honfleur<\/li><li>T\u00e9l\u00e9thon avec la ville de Honfleur<\/li><li>March\u00e9 de No\u00ebl avec \u00ab\u00a0HO en f\u00eate\u00a0\u00bb et \u00ab\u00a0<a href=\"http:\/\/www.honfleur-carnaval.com\" target=\"_blank\" rel=\"noopener noreferrer\">Honfleur-Carnaval<\/a>\u00ab\u00a0<\/li><\/ul><p>Nous sommes \u00e9galement pr\u00e9sent en aide au d\u00e9veloppement \/ Business<\/p><p>&#8211; <strong><a href=\"https:\/\/www.lds-honfleur.com\" target=\"_blank\" rel=\"noopener\">LDS-HONFLEUR<\/a> S.A.S.<\/strong> (Loisirs-D\u00e9tente-Saveurs)<br \/>&#8211; <strong>O&rsquo;Mezz\u00e9<\/strong><br \/>&#8211; <strong>C\u00e8dre<br \/>&#8211; <a href=\"https:\/\/www.welove-honfleur.com\" target=\"_blank\" rel=\"noopener\">We Love Honfleur<\/a><\/strong><br \/>&#8211; Etc.<\/p><p>Nos principales actions \u00ab\u00a0communication\u00a0\u00bb \/ Presse<\/p><p>&#8211; F\u00eates et Associations<br \/>&#8211; Entreprises<br \/>&#8211; Commerces et artisanat<\/p>\t\t\t\t\t\t\t\t<\/div>\n\t\t\t\t\t<\/div>\n\t\t\t\t<\/div>\n\t\t\t\t<\/div>\n\t\t","protected":false},"excerpt":{"rendered":"<p>Retrouvez-ici les \u00e9v\u00e8nements auxquels nous participons (support), ou bien que nous organisons : Concerts de la Saint-Patrick Les Hivernales de Honfleur avec \u00ab\u00a0Honfleur-Carnaval\u00a0\u00bb (De 2016 \u00e0 2019)\u00a0 F\u00eate de la Pentec\u00f4te avec la ville de Honfleur Carnaval de Honfleur avec \u00ab\u00a0Honfleur-Carnaval\u00ab\u00a0 Nuit des artistes avec la ville de Honfleur F\u00eate [&hellip;]<\/p>\n","protected":false},"author":2,"featured_media":31,"parent":0,"menu_order":0,"comment_status":"closed","ping_status":"closed","template":"","meta":{"_bbp_topic_count":0,"_bbp_reply_count":0,"_bbp_total_topic_count":0,"_bbp_total_reply_count":0,"_bbp_voice_count":0,"_bbp_anonymous_reply_count":0,"_bbp_topic_count_hidden":0,"_bbp_reply_count_hidden":0,"_bbp_forum_subforum_count":0,"jetpack_post_was_ever_published":false,"footnotes":""},"class_list":["post-30","page","type-page","status-publish","has-post-thumbnail","hentry"],"jetpack_sharing_enabled":true,"jetpack_shortlink":"https:\/\/wp.me\/P9FWPB-u","_links":{"self":[{"href":"https:\/\/www.ntic-edition.com\/index.php\/wp-json\/wp\/v2\/pages\/30","targetHints":{"allow":["GET"]}}],"collection":[{"href":"https:\/\/www.ntic-edition.com\/index.php\/wp-json\/wp\/v2\/pages"}],"about":[{"href":"https:\/\/www.ntic-edition.com\/index.php\/wp-json\/wp\/v2\/types\/page"}],"author":[{"embeddable":true,"href":"https:\/\/www.ntic-edition.com\/index.php\/wp-json\/wp\/v2\/users\/2"}],"replies":[{"embeddable":true,"href":"https:\/\/www.ntic-edition.com\/index.php\/wp-json\/wp\/v2\/comments?post=30"}],"version-history":[{"count":9,"href":"https:\/\/www.ntic-edition.com\/index.php\/wp-json\/wp\/v2\/pages\/30\/revisions"}],"predecessor-version":[{"id":462,"href":"https:\/\/www.ntic-edition.com\/index.php\/wp-json\/wp\/v2\/pages\/30\/revisions\/462"}],"wp:featuredmedia":[{"embeddable":true,"href":"https:\/\/www.ntic-edition.com\/index.php\/wp-json\/wp\/v2\/media\/31"}],"wp:attachment":[{"href":"https:\/\/www.ntic-edition.com\/index.php\/wp-json\/wp\/v2\/media?parent=30"}],"curies":[{"name":"wp","href":"https:\/\/api.w.org\/{rel}","templated":true}]}}